{"id":963,"date":"2025-08-15T20:02:59","date_gmt":"2025-08-15T20:02:59","guid":{"rendered":"https:\/\/villakaliubud.com\/?page_id=963"},"modified":"2025-08-16T02:00:03","modified_gmt":"2025-08-16T02:00:03","slug":"contact","status":"publish","type":"page","link":"https:\/\/villakaliubud.com\/en\/contact\/","title":{"rendered":"contact"},"content":{"rendered":"<div data-elementor-type=\"wp-page\" data-elementor-id=\"963\" class=\"elementor elementor-963\" data-elementor-post-type=\"page\">\n\t\t\t\t<div class=\"elementor-element elementor-element-ee8ce48 e-con-full e-flex e-con e-parent\" data-id=\"ee8ce48\" data-element_type=\"container\" data-settings=\"{&quot;background_background&quot;:&quot;classic&quot;}\">\n\t\t\t\t<div class=\"elementor-element elementor-element-3a894dd elementor-widget elementor-widget-heading\" data-id=\"3a894dd\" data-element_type=\"widget\" data-widget_type=\"heading.default\">\n\t\t\t\t\t<h2 class=\"elementor-heading-title elementor-size-default\">Localisation   &amp; Contact<\/h2>\t\t\t\t<\/div>\n\t\t\t\t<div class=\"elementor-element elementor-element-7b5d855 elementor-widget elementor-widget-image\" data-id=\"7b5d855\" data-element_type=\"widget\" data-widget_type=\"image.default\">\n\t\t\t\t\t\t\t\t\t\t\t\t\t\t\t<img decoding=\"async\" src=\"https:\/\/villakaliubud.com\/wp-content\/uploads\/2025\/08\/separateurblanc.webp\" title=\"separateurblanc\" alt=\"separateurblanc\" loading=\"lazy\" \/>\t\t\t\t\t\t\t\t\t\t\t\t\t\t\t<\/div>\n\t\t\t\t<\/div>\n\t\t<div class=\"elementor-element elementor-element-f6615cd e-con-full e-flex e-con e-parent\" data-id=\"f6615cd\" data-element_type=\"container\" data-settings=\"{&quot;background_background&quot;:&quot;classic&quot;}\">\n\t\t<div class=\"elementor-element elementor-element-a11fd56 e-con-full e-flex e-con e-child\" data-id=\"a11fd56\" data-element_type=\"container\">\n\t\t\t\t<div class=\"elementor-element elementor-element-59adbf5 elementor-widget elementor-widget-heading\" data-id=\"59adbf5\" data-element_type=\"widget\" data-widget_type=\"heading.default\">\n\t\t\t\t\t<h3 class=\"elementor-heading-title elementor-size-default\">L'Emplacement Id\u00e9al : Calme &amp; Proximit\u00e9\n\n<\/h3>\t\t\t\t<\/div>\n\t\t\t\t<div class=\"elementor-element elementor-element-4b4d07b e-transform elementor-widget elementor-widget-text-editor\" data-id=\"4b4d07b\" data-element_type=\"widget\" data-settings=\"{&quot;_transform_translateX_effect&quot;:{&quot;unit&quot;:&quot;px&quot;,&quot;size&quot;:&quot;&quot;,&quot;sizes&quot;:[]},&quot;_transform_translateX_effect_tablet&quot;:{&quot;unit&quot;:&quot;px&quot;,&quot;size&quot;:&quot;&quot;,&quot;sizes&quot;:[]},&quot;_transform_translateX_effect_mobile&quot;:{&quot;unit&quot;:&quot;px&quot;,&quot;size&quot;:&quot;&quot;,&quot;sizes&quot;:[]},&quot;_transform_translateY_effect&quot;:{&quot;unit&quot;:&quot;px&quot;,&quot;size&quot;:&quot;&quot;,&quot;sizes&quot;:[]},&quot;_transform_translateY_effect_tablet&quot;:{&quot;unit&quot;:&quot;px&quot;,&quot;size&quot;:&quot;&quot;,&quot;sizes&quot;:[]},&quot;_transform_translateY_effect_mobile&quot;:{&quot;unit&quot;:&quot;px&quot;,&quot;size&quot;:&quot;&quot;,&quot;sizes&quot;:[]}}\" data-widget_type=\"text-editor.default\">\n\t\t\t\t\t\t\t\t\t<p>Id\u00e9alement situ\u00e9e dans le village authentique de Lodtunduh, la Villa Kali vous offre le parfait \u00e9quilibre. Vivez une immersion dans la s\u00e9r\u00e9nit\u00e9 des rizi\u00e8res, tout en \u00e9tant \u00e0 seulement 10 minutes en scooter du c\u0153ur vibrant d&rsquo;Ubud, de ses restaurants et de la For\u00eat des Singes.<\/p><p>\u00c0 pied, vous trouverez \u00e9galement des petits commerces et des warungs locaux pour go\u00fbter au charme de la vie balinaise. C&rsquo;est le luxe d&rsquo;avoir tout \u00e0 port\u00e9e de main, le calme absolu en plus.<\/p>\t\t\t\t\t\t\t\t<\/div>\n\t\t\t\t<div class=\"elementor-element elementor-element-769c584 elementor-widget elementor-widget-heading\" data-id=\"769c584\" data-element_type=\"widget\" data-widget_type=\"heading.default\">\n\t\t\t\t\t<h3 class=\"elementor-heading-title elementor-size-default\">R\u00e9servation &amp; Disponibilit\u00e9s<\/h3>\t\t\t\t<\/div>\n\t\t\t\t<div class=\"elementor-element elementor-element-44f64aa e-transform elementor-widget elementor-widget-text-editor\" data-id=\"44f64aa\" data-element_type=\"widget\" data-settings=\"{&quot;_transform_translateX_effect&quot;:{&quot;unit&quot;:&quot;px&quot;,&quot;size&quot;:&quot;&quot;,&quot;sizes&quot;:[]},&quot;_transform_translateX_effect_tablet&quot;:{&quot;unit&quot;:&quot;px&quot;,&quot;size&quot;:&quot;&quot;,&quot;sizes&quot;:[]},&quot;_transform_translateX_effect_mobile&quot;:{&quot;unit&quot;:&quot;px&quot;,&quot;size&quot;:&quot;&quot;,&quot;sizes&quot;:[]},&quot;_transform_translateY_effect&quot;:{&quot;unit&quot;:&quot;px&quot;,&quot;size&quot;:&quot;&quot;,&quot;sizes&quot;:[]},&quot;_transform_translateY_effect_tablet&quot;:{&quot;unit&quot;:&quot;px&quot;,&quot;size&quot;:&quot;&quot;,&quot;sizes&quot;:[]},&quot;_transform_translateY_effect_mobile&quot;:{&quot;unit&quot;:&quot;px&quot;,&quot;size&quot;:&quot;&quot;,&quot;sizes&quot;:[]}}\" data-widget_type=\"text-editor.default\">\n\t\t\t\t\t\t\t\t\t<p>Pour r\u00e9server votre s\u00e9jour, nous vous invitons \u00e0 consulter les disponibilit\u00e9s <span style=\"text-decoration: underline;\"><a href=\"https:\/\/villakali.guestybookings.com\/en\/properties\/6861ffaf072e6d001a3a9e43\" target=\"_blank\" rel=\"noopener\">directement sur notre plateforme de r\u00e9servation s\u00e9curis\u00e9e<\/a><\/span>.<\/p><p>Une question ? Notre \u00e9quipe de conciergerie est \u00e0 votre disposition \u00e0 l&rsquo;adresse reservation@balisuperhost.com.<\/p>\t\t\t\t\t\t\t\t<\/div>\n\t\t\t\t<\/div>\n\t\t<div class=\"elementor-element elementor-element-8c1e5fb e-con-full e-flex e-con e-child\" data-id=\"8c1e5fb\" data-element_type=\"container\">\n\t\t\t\t<div class=\"elementor-element elementor-element-df26d39 elementor-widget elementor-widget-google_maps\" data-id=\"df26d39\" data-element_type=\"widget\" data-widget_type=\"google_maps.default\">\n\t\t\t\t\t\t\t<div class=\"elementor-custom-embed\">\n\t\t\t<iframe loading=\"lazy\"\n\t\t\t\t\tsrc=\"https:\/\/maps.google.com\/maps?q=Villa%20Kali%2C%20F744%2B83G%2C%20Lodtunduh%2C%20Ubud%2C%20Gianyar%20Regency%2C%20Bali%2080571%2C%20Indon%C3%A9sie&#038;t=m&#038;z=10&#038;output=embed&#038;iwloc=near\"\n\t\t\t\t\ttitle=\"Villa Kali, F744+83G, Lodtunduh, Ubud, Gianyar Regency, Bali 80571, Indon\u00e9sie\"\n\t\t\t\t\taria-label=\"Villa Kali, F744+83G, Lodtunduh, Ubud, Gianyar Regency, Bali 80571, Indon\u00e9sie\"\n\t\t\t><\/iframe>\n\t\t<\/div>\n\t\t\t\t\t\t<\/div>\n\t\t\t\t<\/div>\n\t\t\t\t<\/div>\n\t\t\t\t<\/div>","protected":false},"excerpt":{"rendered":"<p>Localisation &amp; Contact L&rsquo;Emplacement Id\u00e9al : Calme &amp; Proximit\u00e9 Id\u00e9alement situ\u00e9e dans le village authentique de Lodtunduh, la Villa Kali [&hellip;]<\/p>","protected":false},"author":1,"featured_media":0,"parent":0,"menu_order":0,"comment_status":"closed","ping_status":"closed","template":"","meta":{"_uag_custom_page_level_css":"","site-sidebar-layout":"default","site-content-layout":"","ast-site-content-layout":"full-width-container","site-content-style":"default","site-sidebar-style":"default","ast-global-header-display":"","ast-banner-title-visibility":"","ast-main-header-display":"","ast-hfb-above-header-display":"","ast-hfb-below-header-display":"","ast-hfb-mobile-header-display":"","site-post-title":"disabled","ast-breadcrumbs-content":"","ast-featured-img":"","footer-sml-layout":"","ast-disable-related-posts":"","theme-transparent-header-meta":"enabled","adv-header-id-meta":"","stick-header-meta":"","header-above-stick-meta":"","header-main-stick-meta":"","header-below-stick-meta":"","astra-migrate-meta-layouts":"default","ast-page-background-enabled":"default","ast-page-background-meta":{"desktop":{"background-color":"var(--ast-global-color-4)","background-image":"","background-repeat":"repeat","background-position":"center center","background-size":"auto","background-attachment":"scroll","background-type":"","background-media":"","overlay-type":"","overlay-color":"","overlay-opacity":"","overlay-gradient":""},"tablet":{"background-color":"","background-image":"","background-repeat":"repeat","background-position":"center center","background-size":"auto","background-attachment":"scroll","background-type":"","background-media":"","overlay-type":"","overlay-color":"","overlay-opacity":"","overlay-gradient":""},"mobile":{"background-color":"","background-image":"","background-repeat":"repeat","background-position":"center center","background-size":"auto","background-attachment":"scroll","background-type":"","background-media":"","overlay-type":"","overlay-color":"","overlay-opacity":"","overlay-gradient":""}},"ast-content-background-meta":{"desktop":{"background-color":"var(--ast-global-color-5)","background-image":"","background-repeat":"repeat","background-position":"center center","background-size":"auto","background-attachment":"scroll","background-type":"","background-media":"","overlay-type":"","overlay-color":"","overlay-opacity":"","overlay-gradient":""},"tablet":{"background-color":"var(--ast-global-color-5)","background-image":"","background-repeat":"repeat","background-position":"center center","background-size":"auto","background-attachment":"scroll","background-type":"","background-media":"","overlay-type":"","overlay-color":"","overlay-opacity":"","overlay-gradient":""},"mobile":{"background-color":"var(--ast-global-color-5)","background-image":"","background-repeat":"repeat","background-position":"center center","background-size":"auto","background-attachment":"scroll","background-type":"","background-media":"","overlay-type":"","overlay-color":"","overlay-opacity":"","overlay-gradient":""}},"footnotes":""},"class_list":["post-963","page","type-page","status-publish","hentry"],"uagb_featured_image_src":{"full":false,"thumbnail":false,"medium":false,"medium_large":false,"large":false,"1536x1536":false,"2048x2048":false,"trp-custom-language-flag":false},"uagb_author_info":{"display_name":"tom","author_link":"https:\/\/villakaliubud.com\/en\/author\/tom\/"},"uagb_comment_info":0,"uagb_excerpt":"Localisation &amp; Contact L&rsquo;Emplacement Id\u00e9al : Calme &amp; Proximit\u00e9 Id\u00e9alement situ\u00e9e dans le village authentique de Lodtunduh, la Villa Kali [&hellip;]","_links":{"self":[{"href":"https:\/\/villakaliubud.com\/en\/wp-json\/wp\/v2\/pages\/963","targetHints":{"allow":["GET"]}}],"collection":[{"href":"https:\/\/villakaliubud.com\/en\/wp-json\/wp\/v2\/pages"}],"about":[{"href":"https:\/\/villakaliubud.com\/en\/wp-json\/wp\/v2\/types\/page"}],"author":[{"embeddable":true,"href":"https:\/\/villakaliubud.com\/en\/wp-json\/wp\/v2\/users\/1"}],"replies":[{"embeddable":true,"href":"https:\/\/villakaliubud.com\/en\/wp-json\/wp\/v2\/comments?post=963"}],"version-history":[{"count":7,"href":"https:\/\/villakaliubud.com\/en\/wp-json\/wp\/v2\/pages\/963\/revisions"}],"predecessor-version":[{"id":1073,"href":"https:\/\/villakaliubud.com\/en\/wp-json\/wp\/v2\/pages\/963\/revisions\/1073"}],"wp:attachment":[{"href":"https:\/\/villakaliubud.com\/en\/wp-json\/wp\/v2\/media?parent=963"}],"curies":[{"name":"wp","href":"https:\/\/api.w.org\/{rel}","templated":true}]}}